{"id":41,"date":"2019-11-08T12:14:54","date_gmt":"2019-11-08T11:14:54","guid":{"rendered":"https:\/\/www.fastighetsmassorna.se\/?page_id=41"},"modified":"2025-09-30T17:12:53","modified_gmt":"2025-09-30T15:12:53","slug":"cookie-consent","status":"publish","type":"page","link":"https:\/\/www.fastighetsmassorna.se\/sv\/cookie-consent\/","title":{"rendered":"Cookie consent"},"content":{"rendered":"\t\t<div data-elementor-type=\"wp-post\" data-elementor-id=\"41\" class=\"elementor elementor-41\" data-elementor-post-type=\"page\">\n\t\t\t\t\t\t<section class=\"elementor-section elementor-top-section elementor-element elementor-element-a77259e elementor-section-boxed elementor-section-height-default elementor-section-height-default\" data-id=\"a77259e\" data-element_type=\"section\">\n\t\t\t\t\t\t<div class=\"elementor-container elementor-column-gap-default\">\n\t\t\t\t\t<div class=\"elementor-column elementor-col-100 elementor-top-column elementor-element elementor-element-47489a2\" data-id=\"47489a2\" data-element_type=\"column\">\n\t\t\t<div class=\"elementor-widget-wrap elementor-element-populated\">\n\t\t\t\t\t\t<section class=\"elementor-section elementor-inner-section elementor-element elementor-element-3fe495b elementor-section-boxed elementor-section-height-default elementor-section-height-default\" data-id=\"3fe495b\" data-element_type=\"section\">\n\t\t\t\t\t\t<div class=\"elementor-container elementor-column-gap-default\">\n\t\t\t\t\t<div class=\"elementor-column elementor-col-50 elementor-inner-column elementor-element elementor-element-14674af\" data-id=\"14674af\" data-element_type=\"column\">\n\t\t\t<div class=\"elementor-widget-wrap elementor-element-populated\">\n\t\t\t\t\t\t<div class=\"elementor-element elementor-element-b7408cd elementor-view-default elementor-widget elementor-widget-icon\" data-id=\"b7408cd\" data-element_type=\"widget\" data-widget_type=\"icon.default\">\n\t\t\t\t<div class=\"elementor-widget-container\">\n\t\t\t\t\t\t\t<div class=\"elementor-icon-wrapper\">\n\t\t\t<div class=\"elementor-icon\">\n\t\t\t<i aria-hidden=\"true\" class=\"fas fa-cookie-bite\"><\/i>\t\t\t<\/div>\n\t\t<\/div>\n\t\t\t\t\t\t<\/div>\n\t\t\t\t<\/div>\n\t\t\t\t\t<\/div>\n\t\t<\/div>\n\t\t\t\t<div class=\"elementor-column elementor-col-50 elementor-inner-column elementor-element elementor-element-d71955f\" data-id=\"d71955f\" data-element_type=\"column\">\n\t\t\t<div class=\"elementor-widget-wrap elementor-element-populated\">\n\t\t\t\t\t\t<div class=\"elementor-element elementor-element-e39061a elementor-widget elementor-widget-heading\" data-id=\"e39061a\" data-element_type=\"widget\" data-widget_type=\"heading.default\">\n\t\t\t\t<div class=\"elementor-widget-container\">\n\t\t\t\t\t<h2 class=\"elementor-heading-title elementor-size-default\">cookie policy<\/h2>\t\t\t\t<\/div>\n\t\t\t\t<\/div>\n\t\t\t\t\t<\/div>\n\t\t<\/div>\n\t\t\t\t\t<\/div>\n\t\t<\/section>\n\t\t\t\t<section class=\"elementor-section elementor-inner-section elementor-element elementor-element-48dfff5 elementor-section-boxed elementor-section-height-default elementor-section-height-default\" data-id=\"48dfff5\" data-element_type=\"section\">\n\t\t\t\t\t\t<div class=\"elementor-container elementor-column-gap-default\">\n\t\t\t\t\t<div class=\"elementor-column elementor-col-100 elementor-inner-column elementor-element elementor-element-7128d4d\" data-id=\"7128d4d\" data-element_type=\"column\">\n\t\t\t<div class=\"elementor-widget-wrap elementor-element-populated\">\n\t\t\t\t\t\t<div class=\"elementor-element elementor-element-e2f4a2b elementor-widget elementor-widget-text-editor\" data-id=\"e2f4a2b\" data-element_type=\"widget\" data-widget_type=\"text-editor.default\">\n\t\t\t\t<div class=\"elementor-widget-container\">\n\t\t\t\t\t\t\t\t\t<p style=\"text-align: left\">P\u00e5 v\u00e5ra webbplatser anv\u00e4nder vi cookies (kakor) och andra j\u00e4mf\u00f6rbara tekniker. De cookies som vi anv\u00e4nder, samlar in uppgifter om din anv\u00e4ndning av webbplatserna och lagrar uppgifterna i din enhet. Vi g\u00f6r detta f\u00f6r att s\u00e4kerst\u00e4lla att v\u00e5ra webbplatser fungerar p\u00e5 ett tillfredsst\u00e4llande s\u00e4tt och \u00e4r l\u00e4tta att anv\u00e4nda, f\u00f6r att f\u00f6rb\u00e4ttra din anv\u00e4ndarupplevelse och f\u00f6ra att kunna ge dig relevanta erbjudanden.<\/p>\t\t\t\t\t\t\t\t<\/div>\n\t\t\t\t<\/div>\n\t\t\t\t<div class=\"elementor-element elementor-element-b2880b3 elementor-widget elementor-widget-heading\" data-id=\"b2880b3\" data-element_type=\"widget\" data-widget_type=\"heading.default\">\n\t\t\t\t<div class=\"elementor-widget-container\">\n\t\t\t\t\t<h2 class=\"elementor-heading-title elementor-size-default\">Ditt samtycke beh\u00f6vs<\/h2>\t\t\t\t<\/div>\n\t\t\t\t<\/div>\n\t\t\t\t<div class=\"elementor-element elementor-element-9f6fb39 elementor-widget elementor-widget-text-editor\" data-id=\"9f6fb39\" data-element_type=\"widget\" data-widget_type=\"text-editor.default\">\n\t\t\t\t<div class=\"elementor-widget-container\">\n\t\t\t\t\t\t\t\t\t<p>Du v\u00e4ljer sj\u00e4lv om du vill godk\u00e4nna cookies p\u00e5 din enhet eller inte. Ditt samtycke kr\u00e4vs f\u00f6r anv\u00e4ndning av alla cookies, dock inte f\u00f6r cookies som \u00e4r n\u00f6dv\u00e4ndiga f\u00f6r att m\u00f6jligg\u00f6ra den tj\u00e4nst som du som anv\u00e4ndare sj\u00e4lv har beg\u00e4rt. Du ger ditt samtycke genom att forts\u00e4tta att anv\u00e4nda v\u00e5ra webbplatser. Om du inte godk\u00e4nner v\u00e5r anv\u00e4ndning av cookies, eller om du tidigare godk\u00e4nt v\u00e5r anv\u00e4ndning och har \u00e4ndrat dig, kan du n\u00e4r som helst \u00e4ndra dina cookiesinst\u00e4llningar.\u00a0<\/p>\t\t\t\t\t\t\t\t<\/div>\n\t\t\t\t<\/div>\n\t\t\t\t<div class=\"elementor-element elementor-element-a882242 elementor-widget elementor-widget-heading\" data-id=\"a882242\" data-element_type=\"widget\" data-widget_type=\"heading.default\">\n\t\t\t\t<div class=\"elementor-widget-container\">\n\t\t\t\t\t<h2 class=\"elementor-heading-title elementor-size-default\">Vad \u00e4r cookies?<\/h2>\t\t\t\t<\/div>\n\t\t\t\t<\/div>\n\t\t\t\t<div class=\"elementor-element elementor-element-75632d7 elementor-widget elementor-widget-text-editor\" data-id=\"75632d7\" data-element_type=\"widget\" data-widget_type=\"text-editor.default\">\n\t\t\t\t<div class=\"elementor-widget-container\">\n\t\t\t\t\t\t\t\t\t<p style=\"text-align: left\">En cookie \u00e4r en liten textfil som vid uppkoppling mot en webbplats sparas i din webbl\u00e4sare. Vissa typer av cookies \u00e4r n\u00f6dv\u00e4ndiga f\u00f6r att s\u00e4kerst\u00e4lla att v\u00e5ra webbplatser fungerar p\u00e5 ett fullgott s\u00e4tt och \u00e4r l\u00e4tta att anv\u00e4nda. Andra typer av cookies anv\u00e4nds f\u00f6r att h\u00e4mta information om vad du g\u00f6r n\u00e4r du bes\u00f6ker v\u00e5ra webbplatser<\/p>\t\t\t\t\t\t\t\t<\/div>\n\t\t\t\t<\/div>\n\t\t\t\t<div class=\"elementor-element elementor-element-4021aba elementor-widget elementor-widget-toggle\" data-id=\"4021aba\" data-element_type=\"widget\" data-widget_type=\"toggle.default\">\n\t\t\t\t<div class=\"elementor-widget-container\">\n\t\t\t\t\t\t\t<div class=\"elementor-toggle\">\n\t\t\t\t\t\t\t<div class=\"elementor-toggle-item\">\n\t\t\t\t\t<div id=\"elementor-tab-title-6721\" class=\"elementor-tab-title\" data-tab=\"1\" role=\"button\" aria-controls=\"elementor-tab-content-6721\" aria-expanded=\"false\">\n\t\t\t\t\t\t\t\t\t\t\t\t<span class=\"elementor-toggle-icon elementor-toggle-icon-left\" aria-hidden=\"true\">\n\t\t\t\t\t\t\t\t\t\t\t\t\t\t\t<span class=\"elementor-toggle-icon-closed\"><i class=\"fas fa-caret-right\"><\/i><\/span>\n\t\t\t\t\t\t\t\t<span class=\"elementor-toggle-icon-opened\"><i class=\"elementor-toggle-icon-opened fas fa-caret-up\"><\/i><\/span>\n\t\t\t\t\t\t\t\t\t\t\t\t\t<\/span>\n\t\t\t\t\t\t\t\t\t\t\t\t<a class=\"elementor-toggle-title\" tabindex=\"0\">COOKIEPOLICY  EASYFAIRS-KONCERNEN & N\u00c4RST\u00c5ENDE DOTTERBOLAG<\/a>\n\t\t\t\t\t<\/div>\n\n\t\t\t\t\t<div id=\"elementor-tab-content-6721\" class=\"elementor-tab-content elementor-clearfix\" data-tab=\"1\" role=\"region\" aria-labelledby=\"elementor-tab-title-6721\">Inledning\n<ul>\n \t<li>Easyfairs International SA\/NV \u00e4r moderbolaget i en f\u00f6retagsgrupp som \u00e4r verksam inom liveevent och m\u00f6tes- och m\u00e4ssarrangemang.<\/li>\n \t<li>Easyfairs International SA\/NV och dess n\u00e4rst\u00e5ende dotterbolag tar skyddet av sina kunders (utst\u00e4llare, funktion\u00e4rer, bes\u00f6kare, organisat\u00f6rer, l\u00e4sare, annons\u00f6rer, medlemmar, partners, eventuella kunder osv.) personuppgifter p\u00e5 stort allvar. D\u00e4rf\u00f6r lagras v\u00e5ra kunders personuppgifter p\u00e5 ett s\u00e4kert s\u00e4tt och de hanteras med st\u00f6rsta omsorg. Det g\u00e4ller \u00e4ven personuppgifter om v\u00e5ra leverant\u00f6rer, andra intressenter och alla andra parter som vi har kontakt med.<\/li>\n \t<li>Easyfairs International SA\/NV och dess n\u00e4rst\u00e5ende enheter behandlar era personuppgifter med respekt f\u00f6r er r\u00e4tt till integritet och behandlar endast personuppgifter i enlighet med till\u00e4mplig dataskyddslagstiftning, d\u00e4ribland den allm\u00e4nna dataskyddsf\u00f6rordningen (f\u00f6rordning 2016\/679, <strong>\u201dGDPR\u201d<\/strong>), direktiv 2002\/58\/EG om behandling av personuppgifter och integritetsskydd inom sektorn f\u00f6r elektronisk kommunikation (<strong>\u201de-integritetsdirektivet\u201d<\/strong>) och g\u00e4llande nationella dataskyddslagar.<\/li>\n \t<li>I denna integritetspolicy (\u201d<strong>Policyn\u201d<\/strong>) f\u00f6rklaras (i) vilka cookies (kakor) som placeras p\u00e5 din enhet och hur l\u00e4nge de finns kvar, (ii) hur du kan ta bort cookies fr\u00e5n din enhet och (iii) vilka r\u00e4ttigheter du har n\u00e4r det g\u00e4ller s\u00e5dana cookies.<\/li>\n \t<li>Kontaktuppgifter till personuppgiftsansvarig<\/li>\n \t<li>Dina personuppgifter behandlas av f\u00f6ljande <strong>gemensamt personuppgiftsansvariga: <\/strong><\/li>\n \t<li>Easyfairs Nordic AB, med adress \u00c5by Arenav\u00e4g 8A, 431 62 M\u00f6lndal, Sverige<\/li>\n \t<li>Easyfairs Group SA, med adress Rue Saint-Lambert 135, 1200 WoluweSaint-Lambert, Belgien.<\/li>\n<\/ul>\n<strong>(<\/strong>Tillsammans kallade<strong> \u201dEasyfairs\u201d, \u201dvi\u201d och \u201doss\u201d.)<\/strong>\n<ul>\n \t<li>Om du har fr\u00e5gor om denna cookiepolicy eller vill utnyttja dina r\u00e4ttigheter som n\u00e4mns i stycke 10 i v\u00e5r integritetspolicy, kontakta g\u00e4rna v\u00e5r lokala personuppgiftsansvariga Goran Bajku\u0161a, antingen via post p\u00e5 adressen address Easyfairs AB, \u00c5by Arenav\u00e4g 8A, 431 62 M\u00f6lndal eller epostaddress <a href=\"mailto:PrivacySE@easyfairs.com\">PrivacySE@easyfairs.com<\/a> p\u00e5 det s\u00e4tt som beskrivs i stycke 10 i v\u00e5r integritetspolicy.<\/li>\n \t<li>Du kan ocks\u00e5 kontakta koncernens dataskyddsombud p\u00e5 f\u00f6ljande e-postadress: <a href=\"mailto:dpo@easyfairs.com\">dpo@easyfairs.com<\/a>.<\/li>\n \t<li>VILKET syfte och vilken r\u00e4ttslig grund har databehandlingen?<\/li>\n \t<li><em>Funktionella cookies, helt n\u00f6dv\u00e4ndiga f\u00f6r att webbplatsen ska fungera<\/em><\/li>\n \t<li>Vi behandlar funktionella cookies f\u00f6r att uppfylla v\u00e5ra ber\u00e4ttigade intressen (artikel 6 punkt 1. f) i GDPR), i synnerhet i f\u00f6ljande syften:<\/li>\n<\/ul>\n(a) m\u00e4ta och optimera v\u00e5r webbplats prestanda,\n\n(b) erbjuda ett h\u00f6gpresterande och anpassat gr\u00e4nssnitt f\u00f6r bes\u00f6karna p\u00e5 v\u00e5ra digitala plattformar,\n\n(c) anv\u00e4nda dina personuppgifter inom aggregerade eller anonymiserade modeller f\u00f6r att utf\u00f6ra marknadsanalyser, ekonomisk f\u00f6rvaltning, marknadsf\u00f6ring, rapportering, stordataanalyser eller andra typer av analyser.\n\nI de fall som n\u00e4mns ovan efterstr\u00e4var vi alltid en r\u00e4ttm\u00e4tig balans mellan behovet av att behandla dina personuppgifter och att skydda dina fri- och r\u00e4ttigheter, samtidigt som vi respekterar din integritet.\n<ul>\n \t<li><em>Icke-funktionella cookies<\/em><\/li>\n \t<li>Vi behandlar icke-funktionella cookies med ditt samtycke (artikel 6 punkt 1. a) i GDPR), i synnerhet i f\u00f6ljande syften:<\/li>\n<\/ul>\n(a) utv\u00e4rdera och optimera v\u00e5ra onlinetj\u00e4nsters kvalitet och v\u00e5ra digitala plattformars anv\u00e4ndarv\u00e4nlighet f\u00f6r att ge dig b\u00e4sta m\u00f6jliga upplevelse,\n\n(b) inr\u00e4tta marknadsf\u00f6ringsprofiler eller segment f\u00f6r kunder eller potentiella kunder, t.ex. riktad marknadsf\u00f6ring.\n<ul>\n \t<li>DINA R\u00c4TTIGHETER I F\u00d6RH\u00c5LLANDE TILL DINA PERSONUPPGIFTER<\/li>\n<\/ul>\nSom registrerad kan du ut\u00f6va f\u00f6ljande r\u00e4ttigheter n\u00e4r det g\u00e4ller dina personuppgifter.\n\nF\u00f6r att g\u00f6ra dem g\u00e4llande, kontakta v\u00e5r lokala personuppgiftsansvariga, antingen via post eller e-post till adresserna som anges i stycke 2.2. Bifoga d\u00e5 en kopia av ditt id-kort, pass eller annan giltig id-handling och specificera vad din beg\u00e4ran g\u00e4ller.\n<ul>\n \t<li><strong>R\u00e4tt till tillg\u00e5ng.<\/strong> Inom ramen f\u00f6r vad g\u00e4llande lagar och f\u00f6rordningar till\u00e5ter kan du beg\u00e4ra att f\u00e5 information om huruvida vi behandlar dina personuppgifter och, i f\u00f6rekommande fall, f\u00e5 tillg\u00e5ng till dem.<\/li>\n \t<li><strong>R\u00e4tt till r\u00e4ttelse<\/strong>. Du kan beg\u00e4ra att vi utan kostnad r\u00e4ttar felaktiga och\/eller kompletterar ofullst\u00e4ndiga personuppgifter.<\/li>\n \t<li><strong>R\u00e4tt att \u00e5terkalla samtycke.<\/strong> Inom ramen f\u00f6r vad g\u00e4llande lagar och f\u00f6rordningar till\u00e5ter kan du n\u00e4r som helst ta tillbaka ditt samtycke avseende cookies. Ett s\u00e5dant \u00e5terkallande p\u00e5verkar inte lagligheten i behandlingen som \u00e4gt rum p\u00e5 grundval av ditt tidigare samtycke. L\u00e4gg m\u00e4rke till att om du \u00e5terkallar ditt samtycke kanske du inte kan dra f\u00f6rdel av vissa tj\u00e4nstefunktioner f\u00f6r vilka behandlingen av dina personuppgifter \u00e4r n\u00f6dv\u00e4ndig.<\/li>\n \t<li><strong>R\u00e4tt till radering.<\/strong> Du kan beg\u00e4ra att vi radera dina personuppgifter. Det kommer vi d\u00e5 att g\u00f6ra, s\u00e5vida det inte finns juridiska sk\u00e4l att inte g\u00f6ra det. Det kan t.ex. f\u00f6religga ett tyngre v\u00e4gande, ber\u00e4ttigat sk\u00e4l f\u00f6r oss att beh\u00e5lla dina personuppgifter. Det kan vara fallet om det finns r\u00e4ttsliga f\u00f6rpliktelser som vi m\u00e5ste efterleva eller om det \u00e4r n\u00f6dv\u00e4ndigt f\u00f6r oss att beh\u00e5lla dem f\u00f6r att vi ska kunna uppfylla v\u00e5ra r\u00e4ttsliga f\u00f6rpliktelser.<\/li>\n \t<li><strong>R\u00e4tt att l\u00e4mna in ett klagom\u00e5l hos Integritetsskyddsmyndigheten.<\/strong> Du har r\u00e4tt att kontakta Integritetsskyddsmyndigheten om du anser att vi behandlar dina personuppgifter p\u00e5 ett olagligt s\u00e4tt.<\/li>\n \t<li>L\u00e4nkade webbplatser<\/li>\n<\/ul>\nVi ansvarar inte f\u00f6r integritetspolicyer och metoder som till\u00e4mpas p\u00e5 andra webbplatser, \u00e4ven om du fick \u00e5tkomst till den tredje partens webbplats via l\u00e4nkar p\u00e5 v\u00e5r webbplats. Vi rekommenderar att du kontrollerar vilken policy som g\u00e4ller f\u00f6r varje webbplats du bes\u00f6ker och kontaktar en s\u00e5dan webbplats \u00e4gare eller operat\u00f6r om det \u00e4r n\u00e5got du undrar eller bekymrar dig \u00f6ver.\n<ul>\n \t<li>\u00c4ndringar i v\u00e5r policy<\/li>\n<\/ul>\nVi f\u00f6rbeh\u00e5ller oss r\u00e4tten att \u00e4ndra eller modifiera denna Policy utan att meddela dig och ifall vi g\u00f6r det kommer vi att informera om \u00e4ndringarna p\u00e5 den h\u00e4r sidan. Det \u00e4r ditt ansvar att kontrollera policyn varje g\u00e5ng du l\u00e4mnar information till oss eller g\u00f6r en best\u00e4llning.<\/div>\n\t\t\t\t<\/div>\n\t\t\t\t\t\t\t\t<\/div>\n\t\t\t\t\t\t<\/div>\n\t\t\t\t<\/div>\n\t\t\t\t\t<\/div>\n\t\t<\/div>\n\t\t\t\t\t<\/div>\n\t\t<\/section>\n\t\t\t\t\t<\/div>\n\t\t<\/div>\n\t\t\t\t\t<\/div>\n\t\t<\/section>\n\t\t\t\t<\/div>\n\t\t","protected":false},"excerpt":{"rendered":"<p>cookie policy P\u00e5 v\u00e5ra webbplatser anv\u00e4nder vi cookies (kakor) och andra j\u00e4mf\u00f6rbara tekniker. De cookies som vi anv\u00e4nder, samlar in uppgifter om din anv\u00e4ndning av webbplatserna och lagrar uppgifterna i din enhet. Vi g\u00f6r detta f\u00f6r att s\u00e4kerst\u00e4lla att v\u00e5ra webbplatser fungerar p\u00e5 ett tillfredsst\u00e4llande s\u00e4tt och \u00e4r l\u00e4tta att anv\u00e4nda, f\u00f6r att f\u00f6rb\u00e4ttra din [&hellip;]<\/p>\n","protected":false},"author":16,"featured_media":0,"parent":0,"menu_order":0,"comment_status":"closed","ping_status":"closed","template":"","meta":{"_seopress_robots_primary_cat":"","_seopress_titles_title":"","_seopress_titles_desc":"","_seopress_robots_index":"","footnotes":""},"class_list":["post-41","page","type-page","status-publish","hentry"],"_links":{"self":[{"href":"https:\/\/www.fastighetsmassorna.se\/sv\/wp-json\/wp\/v2\/pages\/41","targetHints":{"allow":["GET"]}}],"collection":[{"href":"https:\/\/www.fastighetsmassorna.se\/sv\/wp-json\/wp\/v2\/pages"}],"about":[{"href":"https:\/\/www.fastighetsmassorna.se\/sv\/wp-json\/wp\/v2\/types\/page"}],"author":[{"embeddable":true,"href":"https:\/\/www.fastighetsmassorna.se\/sv\/wp-json\/wp\/v2\/users\/16"}],"replies":[{"embeddable":true,"href":"https:\/\/www.fastighetsmassorna.se\/sv\/wp-json\/wp\/v2\/comments?post=41"}],"version-history":[{"count":5,"href":"https:\/\/www.fastighetsmassorna.se\/sv\/wp-json\/wp\/v2\/pages\/41\/revisions"}],"predecessor-version":[{"id":291,"href":"https:\/\/www.fastighetsmassorna.se\/sv\/wp-json\/wp\/v2\/pages\/41\/revisions\/291"}],"wp:attachment":[{"href":"https:\/\/www.fastighetsmassorna.se\/sv\/wp-json\/wp\/v2\/media?parent=41"}],"curies":[{"name":"wp","href":"https:\/\/api.w.org\/{rel}","templated":true}]}}